{"id":29218,"date":"2025-12-19T19:38:22","date_gmt":"2025-12-19T19:38:22","guid":{"rendered":"https:\/\/chocolatesbyp.cl\/?post_type=product&#038;p=29218"},"modified":"2025-12-27T21:20:36","modified_gmt":"2025-12-27T21:20:36","slug":"cajita-navidena-de-6-bombones-artesanales","status":"publish","type":"product","link":"https:\/\/chocolatesbyp.cl\/index.php\/producto\/cajita-navidena-de-6-bombones-artesanales\/","title":{"rendered":"Cajita Personalizada de 6 Bombones Artesanales"},"content":{"rendered":"<p data-start=\"886\" data-end=\"1149\">Nuestra <strong data-start=\"894\" data-end=\"937\">Cajita Personalizada <span style=\"color: #999999;\">(el ejemplo de la imagen es de Navidad pero se adapta a cualquier petici\u00f3n)<\/span> de Bombones Artesanales<\/strong> es el detalle ideal para regalar en fiestas. Contiene <strong data-start=\"998\" data-end=\"1038\">6 bombones cuidadosamente elaborados<\/strong>, con chocolate de alta calidad y rellenos variados que combinan sabor, textura y un toque casero irresistible.<\/p>\n<p data-start=\"1151\" data-end=\"1515\">Los bombones pueden ir <strong data-start=\"1174\" data-end=\"1211\">surtidos o seleccionados a pedido<\/strong>, seg\u00fan disponibilidad de stock, permiti\u00e9ndote personalizar tu regalo y hacerlo a\u00fan m\u00e1s especial. Presentados en una <strong data-start=\"1328\" data-end=\"1358\">cajita tem\u00e1tica<\/strong>, lista para regalar, es una opci\u00f3n perfecta para sorprender a familiares, amigos, clientes o simplemente darte un gusto navide\u00f1o (porque s\u00ed, te lo mereces).<\/p>\n","protected":false},"excerpt":{"rendered":"<p>Delicada <strong data-start=\"607\" data-end=\"653\">cajita personalizada con 6 bombones artesanales<\/strong>, elaborados con chocolate de calidad y rellenos surtidos o personalizados seg\u00fan tu elecci\u00f3n y stock disponible. Un regalo perfecto para sorprender en cualquier evento con sabor y cari\u00f1o.<\/p>\n","protected":false},"featured_media":29300,"template":"","meta":[],"product_brand":[],"product_cat":[72,73,75,76,20],"product_tag":[],"class_list":{"0":"post-29218","1":"product","2":"type-product","3":"status-publish","4":"has-post-thumbnail","6":"product_cat-chocolate-bitter","7":"product_cat-chocolate-de-leche","8":"product_cat-chocolates-sin-azucar","9":"product_cat-especiales-para-regalar","10":"product_cat-total","12":"first","13":"instock","14":"shipping-taxable","15":"purchasable","16":"product-type-simple"},"_links":{"self":[{"href":"https:\/\/chocolatesbyp.cl\/index.php\/wp-json\/wp\/v2\/product\/29218","targetHints":{"allow":["GET"]}}],"collection":[{"href":"https:\/\/chocolatesbyp.cl\/index.php\/wp-json\/wp\/v2\/product"}],"about":[{"href":"https:\/\/chocolatesbyp.cl\/index.php\/wp-json\/wp\/v2\/types\/product"}],"version-history":[{"count":3,"href":"https:\/\/chocolatesbyp.cl\/index.php\/wp-json\/wp\/v2\/product\/29218\/revisions"}],"predecessor-version":[{"id":29295,"href":"https:\/\/chocolatesbyp.cl\/index.php\/wp-json\/wp\/v2\/product\/29218\/revisions\/29295"}],"wp:featuredmedia":[{"embeddable":true,"href":"https:\/\/chocolatesbyp.cl\/index.php\/wp-json\/wp\/v2\/media\/29300"}],"wp:attachment":[{"href":"https:\/\/chocolatesbyp.cl\/index.php\/wp-json\/wp\/v2\/media?parent=29218"}],"wp:term":[{"taxonomy":"product_brand","embeddable":true,"href":"https:\/\/chocolatesbyp.cl\/index.php\/wp-json\/wp\/v2\/product_brand?post=29218"},{"taxonomy":"product_cat","embeddable":true,"href":"https:\/\/chocolatesbyp.cl\/index.php\/wp-json\/wp\/v2\/product_cat?post=29218"},{"taxonomy":"product_tag","embeddable":true,"href":"https:\/\/chocolatesbyp.cl\/index.php\/wp-json\/wp\/v2\/product_tag?post=29218"}],"curies":[{"name":"wp","href":"https:\/\/api.w.org\/{rel}","templated":true}]}}