{"id":29131,"date":"2025-12-17T23:54:16","date_gmt":"2025-12-17T23:54:16","guid":{"rendered":"https:\/\/chocolatesbyp.cl\/?post_type=product&#038;p=29131"},"modified":"2025-12-28T20:41:58","modified_gmt":"2025-12-28T20:41:58","slug":"fusion-de-limon","status":"publish","type":"product","link":"https:\/\/chocolatesbyp.cl\/index.php\/producto\/fusion-de-limon\/","title":{"rendered":"Fusi\u00f3n de Lim\u00f3n"},"content":{"rendered":"<p>Disfruta de nuestro chocolate de leche relleno con delicada crema de lim\u00f3n natural, preparada con jugo fresco y ralladura de lim\u00f3n. Cada bocado ofrece un equilibrio perfecto entre la dulzura del chocolate y la acidez c\u00edtrica, creando una experiencia gourmet fresca y sofisticada, ideal para regalar o saborear en cualquier momento.<\/p>\n<p><strong>Envase 100 gramos.<\/strong><\/p>\n","protected":false},"excerpt":{"rendered":"<p>Suave chocolate de leche relleno con cremosa y fresca crema de lim\u00f3n natural, un toque c\u00edtrico irresistible.<\/p>\n<p><strong>Envase 100 gramos.<\/strong><\/p>\n","protected":false},"featured_media":29250,"template":"","meta":[],"product_brand":[],"product_cat":[73,20],"product_tag":[],"class_list":{"0":"post-29131","1":"product","2":"type-product","3":"status-publish","4":"has-post-thumbnail","6":"product_cat-chocolate-de-leche","7":"product_cat-total","9":"first","10":"instock","11":"sale","12":"shipping-taxable","13":"purchasable","14":"product-type-simple"},"_links":{"self":[{"href":"https:\/\/chocolatesbyp.cl\/index.php\/wp-json\/wp\/v2\/product\/29131","targetHints":{"allow":["GET"]}}],"collection":[{"href":"https:\/\/chocolatesbyp.cl\/index.php\/wp-json\/wp\/v2\/product"}],"about":[{"href":"https:\/\/chocolatesbyp.cl\/index.php\/wp-json\/wp\/v2\/types\/product"}],"version-history":[{"count":1,"href":"https:\/\/chocolatesbyp.cl\/index.php\/wp-json\/wp\/v2\/product\/29131\/revisions"}],"predecessor-version":[{"id":29137,"href":"https:\/\/chocolatesbyp.cl\/index.php\/wp-json\/wp\/v2\/product\/29131\/revisions\/29137"}],"wp:featuredmedia":[{"embeddable":true,"href":"https:\/\/chocolatesbyp.cl\/index.php\/wp-json\/wp\/v2\/media\/29250"}],"wp:attachment":[{"href":"https:\/\/chocolatesbyp.cl\/index.php\/wp-json\/wp\/v2\/media?parent=29131"}],"wp:term":[{"taxonomy":"product_brand","embeddable":true,"href":"https:\/\/chocolatesbyp.cl\/index.php\/wp-json\/wp\/v2\/product_brand?post=29131"},{"taxonomy":"product_cat","embeddable":true,"href":"https:\/\/chocolatesbyp.cl\/index.php\/wp-json\/wp\/v2\/product_cat?post=29131"},{"taxonomy":"product_tag","embeddable":true,"href":"https:\/\/chocolatesbyp.cl\/index.php\/wp-json\/wp\/v2\/product_tag?post=29131"}],"curies":[{"name":"wp","href":"https:\/\/api.w.org\/{rel}","templated":true}]}}